{"id":1007,"date":"2022-03-11T12:39:10","date_gmt":"2022-03-11T12:39:10","guid":{"rendered":"https:\/\/www.watersoflife.ie\/?page_id=1007"},"modified":"2022-05-12T12:32:55","modified_gmt":"2022-05-12T11:32:55","slug":"plean-bainistiochta-abhantrai","status":"publish","type":"page","link":"https:\/\/www.watersoflife.ie\/ga\/plean-bainistiochta-abhantrai\/","title":{"rendered":"Plean Bainist\u00edochta Abhantra\u00ed"},"content":{"rendered":"<div class=\"lead\">\n<p>Is iad Pleananna Bainist\u00edochta Abhantra\u00ed na pr\u00edomhuirlis\u00ed chun an Chreat-Treoir Uisce a chur chun feidhme. D\u00e9antar iad a dhr\u00e9acht\u00fa i ndiaidh comhairli\u00fach\u00e1n poibl\u00ed fairsing agus b\u00edonn siad bail\u00ed ar feadh tr\u00e9imhse s\u00e9 bliana.  Is \u00e9 is aidhm don Phlean Bainist\u00edochta Abhantra\u00ed a chinnti\u00fa go nd\u00e9antar \u00e1r n-uisc\u00ed n\u00e1d\u00fartha a bhainisti\u00fa ar bhealach inbhuanaithe, go gcosna\u00edtear acmhainn\u00ed fionnuisce nach mbeidh tuilleadh meatha ann; agus i gc\u00e1s inar g\u00e1, d\u00e9antar aibhneacha, lochanna agus dobharlaigh c\u00f3sta a thabhairt ar ais chuig st\u00e1das maith \u00e9iceola\u00edochta a bheith acu.<\/p>\n<\/div>\n<p>Bh\u00ed an ch\u00e9ad tr\u00e9imhse den Phlean\u00e1il Bainist\u00edochta Abhantra\u00ed ar bun \u00f3 2009 go 2015. Le linn na tr\u00e9imhse seo roinneadh oile\u00e1n na h\u00c9ireann ina 8 gceantar abhantra\u00ed agus rinneadh pleananna aonair do gach ceantar. Sa 2\u00fa tr\u00e9imhse laghda\u00edodh \u00e9 seo go raibh Ceantar Abhantra\u00ed amh\u00e1in ann don phoblacht agus ceantar abhantra\u00ed idirn\u00e1isi\u00fanta amh\u00e1in ar feadh na teorann le Tuaisceart \u00c9ireann.  T\u00e1 an 3\u00fa tr\u00e9imhse den Phlean Bainist\u00edochta Abhantra\u00ed do 2022-2027 \u00e1 thabhairt chun cr\u00edche faoi l\u00e1thair.  Is f\u00e9idir tuilleadh eolais ar Phlean Bainist\u00edochta Abhantra\u00ed 2022-2027 a fh\u00e1il ar an nasc th\u00edos.<\/p>\n","protected":false},"excerpt":{"rendered":"<p>Is iad Pleananna Bainist\u00edochta Abhantra\u00ed na pr\u00edomhuirlis\u00ed chun an Chreat-Treoir Uisce a chur chun feidhme. D\u00e9antar iad a dhr\u00e9acht\u00fa i ndiaidh comhairli\u00fach\u00e1n poibl\u00ed fairsing agus b\u00edonn siad bail\u00ed ar feadh tr\u00e9imhse s\u00e9 bliana. Is \u00e9 is aidhm don Phlean Bainist\u00edochta Abhantra\u00ed a chinnti\u00fa go nd\u00e9antar \u00e1r n-uisc\u00ed n\u00e1d\u00fartha a bhainisti\u00fa ar bhealach inbhuanaithe, go gcosna\u00edtear<\/p>\n","protected":false},"author":3,"featured_media":898,"parent":0,"menu_order":0,"comment_status":"closed","ping_status":"closed","template":"","meta":{"_acf_changed":false,"footnotes":""},"class_list":["post-1007","page","type-page","status-publish","has-post-thumbnail","hentry"],"acf":[],"_links":{"self":[{"href":"https:\/\/www.watersoflife.ie\/ga\/wp-json\/wp\/v2\/pages\/1007","targetHints":{"allow":["GET"]}}],"collection":[{"href":"https:\/\/www.watersoflife.ie\/ga\/wp-json\/wp\/v2\/pages"}],"about":[{"href":"https:\/\/www.watersoflife.ie\/ga\/wp-json\/wp\/v2\/types\/page"}],"author":[{"embeddable":true,"href":"https:\/\/www.watersoflife.ie\/ga\/wp-json\/wp\/v2\/users\/3"}],"replies":[{"embeddable":true,"href":"https:\/\/www.watersoflife.ie\/ga\/wp-json\/wp\/v2\/comments?post=1007"}],"version-history":[{"count":3,"href":"https:\/\/www.watersoflife.ie\/ga\/wp-json\/wp\/v2\/pages\/1007\/revisions"}],"predecessor-version":[{"id":1062,"href":"https:\/\/www.watersoflife.ie\/ga\/wp-json\/wp\/v2\/pages\/1007\/revisions\/1062"}],"wp:featuredmedia":[{"embeddable":true,"href":"https:\/\/www.watersoflife.ie\/ga\/wp-json\/wp\/v2\/media\/898"}],"wp:attachment":[{"href":"https:\/\/www.watersoflife.ie\/ga\/wp-json\/wp\/v2\/media?parent=1007"}],"curies":[{"name":"wp","href":"https:\/\/api.w.org\/{rel}","templated":true}]}}