{"id":1018,"date":"2022-03-07T12:00:13","date_gmt":"2022-03-07T12:00:13","guid":{"rendered":"https:\/\/www.watersoflife.ie\/?page_id=1018"},"modified":"2022-05-12T16:43:27","modified_gmt":"2022-05-12T15:43:27","slug":"dobharcheantair-phiolotacha","status":"publish","type":"page","link":"https:\/\/www.watersoflife.ie\/ga\/dobharcheantair-phiolotacha\/","title":{"rendered":"Dobharcheantair Ph\u00edol\u00f3tacha"},"content":{"rendered":"<div class=\"lead\">\n<p>T\u00e1 s\u00e9 fho-dhobharcheantar roghnaithe le bheith ina ndobharcheantair l\u00e9irithe do thionscadal uisc\u00ed life. D\u00e9anfar bearta chun dul i ngleic le br\u00fanna \u00e9ags\u00fala lena n-\u00e1ir\u00edtear an hidreamhoirfeola\u00edocht, an fhoraoiseacht, an talmha\u00edocht, an fu\u00edolluisce agus br\u00fanna eile a th\u00e1st\u00e1il i gc\u00faig cinn de na ceantair sin, agus feidhmeoidh an s\u00e9\u00fa ceann ina limist\u00e9ar rialaithe. Seachas an limist\u00e9ar rialaithe, roghna\u00edodh na dobharcheantair seo mar go bhfuil baol ann nach mbainfidh siad amach an cusp\u00f3ir ardst\u00e1dais at\u00e1 leagtha amach d\u00f3ibh faoin bPlean Bainistithe Abhantrach d\u2019\u00c9irinn 2022- 2027.<\/p>\n<\/div>\n","protected":false},"excerpt":{"rendered":"<p>T\u00e1 s\u00e9 fho-dhobharcheantar roghnaithe le bheith ina ndobharcheantair l\u00e9irithe do thionscadal uisc\u00ed life. D\u00e9anfar bearta chun dul i ngleic le br\u00fanna \u00e9ags\u00fala lena n-\u00e1ir\u00edtear an hidreamhoirfeola\u00edocht, an fhoraoiseacht, an talmha\u00edocht, an fu\u00edolluisce agus br\u00fanna eile a th\u00e1st\u00e1il i gc\u00faig cinn de na ceantair sin, agus feidhmeoidh an s\u00e9\u00fa ceann ina limist\u00e9ar rialaithe. Seachas an limist\u00e9ar<\/p>\n","protected":false},"author":3,"featured_media":0,"parent":0,"menu_order":0,"comment_status":"closed","ping_status":"closed","template":"","meta":{"_acf_changed":false,"footnotes":""},"class_list":["post-1018","page","type-page","status-publish","hentry"],"acf":[],"_links":{"self":[{"href":"https:\/\/www.watersoflife.ie\/ga\/wp-json\/wp\/v2\/pages\/1018","targetHints":{"allow":["GET"]}}],"collection":[{"href":"https:\/\/www.watersoflife.ie\/ga\/wp-json\/wp\/v2\/pages"}],"about":[{"href":"https:\/\/www.watersoflife.ie\/ga\/wp-json\/wp\/v2\/types\/page"}],"author":[{"embeddable":true,"href":"https:\/\/www.watersoflife.ie\/ga\/wp-json\/wp\/v2\/users\/3"}],"replies":[{"embeddable":true,"href":"https:\/\/www.watersoflife.ie\/ga\/wp-json\/wp\/v2\/comments?post=1018"}],"version-history":[{"count":5,"href":"https:\/\/www.watersoflife.ie\/ga\/wp-json\/wp\/v2\/pages\/1018\/revisions"}],"predecessor-version":[{"id":1079,"href":"https:\/\/www.watersoflife.ie\/ga\/wp-json\/wp\/v2\/pages\/1018\/revisions\/1079"}],"wp:attachment":[{"href":"https:\/\/www.watersoflife.ie\/ga\/wp-json\/wp\/v2\/media?parent=1018"}],"curies":[{"name":"wp","href":"https:\/\/api.w.org\/{rel}","templated":true}]}}