{"id":2290,"date":"2024-09-16T10:34:10","date_gmt":"2024-09-16T09:34:10","guid":{"rendered":"https:\/\/www.watersoflife.ie\/leiriu-speise\/"},"modified":"2024-09-16T10:34:10","modified_gmt":"2024-09-16T09:34:10","slug":"leiriu-speise","status":"publish","type":"page","link":"https:\/\/www.watersoflife.ie\/ga\/leiriu-speise\/","title":{"rendered":"L\u00e9iri\u00fa Sp\u00e9ise"},"content":{"rendered":"<p>Chun sp\u00e9is a l\u00e9iri\u00fa p\u00e1irt a ghlacadh i gcl\u00e1r agra-chomhshaoil p\u00edol\u00f3tach Uisc\u00ed LIFE, de chuid LIFE IP, l\u00edon isteach do chuid sonra\u00ed th\u00edos. Is \u00e9 an d\u00e1ta deiridh n\u00e1 an 30 Samhain 2024.  <\/p>\n<ul>\n<li>Ba mhaith liom sp\u00e9is a l\u00e9iri\u00fa p\u00e1irt a ghlacadh i gcl\u00e1r agra-chomhshaoil p\u00edol\u00f3tach Uisc\u00ed LIFE, de chuid LIFE IP.<\/li>\n<li>Tugaim \u00fadar\u00e1s d\u2019Fhoireann Tionscadail Uisc\u00ed LIFE, faoi shainch\u00faram na Roinne Tith\u00edochta, Rialtais \u00c1iti\u00fail agus Oidhreachta (RTR\u00c1O) agus an tairbh\u00ed chomhlachaithe, an Roinn Talmha\u00edochta, Bia agus Mara (RTBM), rochtain a fh\u00e1il ar m\u2019uimhir thr\u00e9ada, faisn\u00e9is d\u00e1ileachta\u00ed tal\u00fan agus rannph\u00e1irt\u00edocht i sc\u00e9imeanna \u00edoca\u00edochta \u00f3 thaifid RTBM chun Cl\u00e1r Agra-Chomhshaoil P\u00edol\u00f3tach Uisc\u00ed LIFE de chuid LIFE IP a riar.<\/li>\n<li>Tuigim go gcoinneoidh Uisc\u00ed LIFE IP na sonra\u00ed a bhaileofar chun na cr\u00edocha seo go daingean fad is at\u00e1 riachtanas gn\u00f3 ann chun d\u00e9anamh amhlaidh, i gcomhr\u00e9ir leis na cr\u00edocha ar bail\u00edodh iad chucu.<\/li>\n<li>Iarrtar na sonra\u00ed a shol\u00e1thra\u00edtear chun na cr\u00edche seo chun gur f\u00e9idir meas\u00fan\u00fa a dh\u00e9anamh ar inch\u00e1ilitheacht le haghaidh rannph\u00e1irt\u00edochta i gcl\u00e1r Agra-Chomhshaoil p\u00edol\u00f3tach Uisc\u00ed LIFE de chuid LIFE IP. M\u00e1 thogra\u00edm gan an toili\u00fa seo a shol\u00e1thar, tuigim nach f\u00e9idir le m\u2019iarratas ar chl\u00e1r Agra-Chomhshaoil P\u00edol\u00f3tach Uisc\u00ed LIFE de chuid LIFE IP dul ar aghaidh. <\/li>\n<li>Tuigim nach bhfuil aon r\u00e1tha\u00edocht ann go nd\u00e9anfar tairiscint conartha mar fhreagairt ar an l\u00e9iri\u00fa sp\u00e9ise seo.<\/li>\n<\/ul>\n","protected":false},"excerpt":{"rendered":"<p>Chun sp\u00e9is a l\u00e9iri\u00fa p\u00e1irt a ghlacadh i gcl\u00e1r agra-chomhshaoil p\u00edol\u00f3tach Uisc\u00ed LIFE, de chuid LIFE IP, l\u00edon isteach do chuid sonra\u00ed th\u00edos. Is \u00e9 an d\u00e1ta deiridh n\u00e1 an 30 Samhain 2024. Ba mhaith liom sp\u00e9is a l\u00e9iri\u00fa p\u00e1irt a ghlacadh i gcl\u00e1r agra-chomhshaoil p\u00edol\u00f3tach Uisc\u00ed LIFE, de chuid LIFE IP. Tugaim \u00fadar\u00e1s d\u2019Fhoireann<\/p>\n","protected":false},"author":6,"featured_media":0,"parent":0,"menu_order":0,"comment_status":"closed","ping_status":"closed","template":"views\/template-contact.blade.php","meta":{"_acf_changed":false,"footnotes":""},"class_list":["post-2290","page","type-page","status-publish","hentry"],"acf":[],"_links":{"self":[{"href":"https:\/\/www.watersoflife.ie\/ga\/wp-json\/wp\/v2\/pages\/2290","targetHints":{"allow":["GET"]}}],"collection":[{"href":"https:\/\/www.watersoflife.ie\/ga\/wp-json\/wp\/v2\/pages"}],"about":[{"href":"https:\/\/www.watersoflife.ie\/ga\/wp-json\/wp\/v2\/types\/page"}],"author":[{"embeddable":true,"href":"https:\/\/www.watersoflife.ie\/ga\/wp-json\/wp\/v2\/users\/6"}],"replies":[{"embeddable":true,"href":"https:\/\/www.watersoflife.ie\/ga\/wp-json\/wp\/v2\/comments?post=2290"}],"version-history":[{"count":0,"href":"https:\/\/www.watersoflife.ie\/ga\/wp-json\/wp\/v2\/pages\/2290\/revisions"}],"wp:attachment":[{"href":"https:\/\/www.watersoflife.ie\/ga\/wp-json\/wp\/v2\/media?parent=2290"}],"curies":[{"name":"wp","href":"https:\/\/api.w.org\/{rel}","templated":true}]}}