{"id":965,"date":"2022-02-16T10:43:55","date_gmt":"2022-02-16T10:43:55","guid":{"rendered":"https:\/\/www.watersoflife.ie\/?page_id=965"},"modified":"2022-05-12T11:36:33","modified_gmt":"2022-05-12T10:36:33","slug":"cur-chuige-uisci-life","status":"publish","type":"page","link":"https:\/\/www.watersoflife.ie\/ga\/cur-chuige-uisci-life\/","title":{"rendered":"Cur chuige Uisc\u00ed LIFE"},"content":{"rendered":"<div class=\"lead\">\n<p>Is tionscadail chomhth\u00e1ite LIFE AE \u00e9 Uisc\u00ed LIFE, a bhfuil s\u00e9 d\u2019aidhm aige cuidi\u00fa le meath uisc\u00ed na h\u00c9ireann is m\u00f3 gan mhilleadh a chur ina cheart.<\/p>\n<\/div>\n<p>I measc na dtreochta\u00ed maidir le caighde\u00e1n an uisce in \u00c9irinn ar c\u00fais imn\u00ed iad, a mhaireann tamall fada agus at\u00e1 lean\u00fanach, t\u00e1 cailli\u00faint lean\u00fanach na n-uisc\u00ed a bhfuil ardst\u00e1das acu. T\u00e1 c\u00fais agus \u00e9ifeacht a thuigtear go r\u00edmhaith ag treochta\u00ed eile maidir le caighde\u00e1n an uisce, a bhfuil pleananna mionsonraithe curtha i bhfeidhm ina leith chun na tionchair a mhaol\u00fa. T\u00e1 tuilleadh gn\u00edomha\u00edochta\u00ed ag teast\u00e1il chun na huisc\u00ed gan mhilleadh a chosaint. Is sruthanna ardtalaimh iad an-chuid de na sruthanna seo. Ar cheann de na pr\u00edomhphrionsabail at\u00e1 mar bhuntaca faoin gCreat-Treoir Uisce t\u00e1 na huisc\u00ed seo a chosaint agus a athch\u00f3iri\u00fa.<\/p>\n<p>Is \u00e9 cusp\u00f3ir forioml\u00e1n Uisc\u00ed LIFE IP tac\u00fa le cur chun feidhme na mbeart chun Uisc\u00ed a bhfuil Ardst\u00e1das acu a chosaint agus a neart\u00fa agus d\u00e1 bhr\u00ed sin tac\u00fa le hobair Chl\u00e1r Dobharcheantar Blue Dot.<\/p>\n","protected":false},"excerpt":{"rendered":"<p>Is tionscadail chomhth\u00e1ite LIFE AE \u00e9 Uisc\u00ed LIFE, a bhfuil s\u00e9 d\u2019aidhm aige cuidi\u00fa le meath uisc\u00ed na h\u00c9ireann is m\u00f3 gan mhilleadh a chur ina cheart. I measc na dtreochta\u00ed maidir le caighde\u00e1n an uisce in \u00c9irinn ar c\u00fais imn\u00ed iad, a mhaireann tamall fada agus at\u00e1 lean\u00fanach, t\u00e1 cailli\u00faint lean\u00fanach na n-uisc\u00ed a<\/p>\n","protected":false},"author":1,"featured_media":875,"parent":0,"menu_order":-5,"comment_status":"closed","ping_status":"closed","template":"views\/template-about.blade.php","meta":{"_acf_changed":false,"footnotes":""},"class_list":["post-965","page","type-page","status-publish","has-post-thumbnail","hentry"],"acf":[],"_links":{"self":[{"href":"https:\/\/www.watersoflife.ie\/ga\/wp-json\/wp\/v2\/pages\/965","targetHints":{"allow":["GET"]}}],"collection":[{"href":"https:\/\/www.watersoflife.ie\/ga\/wp-json\/wp\/v2\/pages"}],"about":[{"href":"https:\/\/www.watersoflife.ie\/ga\/wp-json\/wp\/v2\/types\/page"}],"author":[{"embeddable":true,"href":"https:\/\/www.watersoflife.ie\/ga\/wp-json\/wp\/v2\/users\/1"}],"replies":[{"embeddable":true,"href":"https:\/\/www.watersoflife.ie\/ga\/wp-json\/wp\/v2\/comments?post=965"}],"version-history":[{"count":5,"href":"https:\/\/www.watersoflife.ie\/ga\/wp-json\/wp\/v2\/pages\/965\/revisions"}],"predecessor-version":[{"id":1037,"href":"https:\/\/www.watersoflife.ie\/ga\/wp-json\/wp\/v2\/pages\/965\/revisions\/1037"}],"wp:featuredmedia":[{"embeddable":true,"href":"https:\/\/www.watersoflife.ie\/ga\/wp-json\/wp\/v2\/media\/875"}],"wp:attachment":[{"href":"https:\/\/www.watersoflife.ie\/ga\/wp-json\/wp\/v2\/media?parent=965"}],"curies":[{"name":"wp","href":"https:\/\/api.w.org\/{rel}","templated":true}]}}