{"id":973,"date":"2022-03-08T15:01:41","date_gmt":"2022-03-08T15:01:41","guid":{"rendered":"https:\/\/www.watersoflife.ie\/?page_id=973"},"modified":"2022-05-12T12:39:20","modified_gmt":"2022-05-12T11:39:20","slug":"clar-life-ae","status":"publish","type":"page","link":"https:\/\/www.watersoflife.ie\/ga\/clar-life-ae\/","title":{"rendered":"Cl\u00e1r LIFE AE"},"content":{"rendered":"<div class=\"lead\">\n<p>Is \u00e9 at\u00e1 i gCl\u00e1r LIFE (Fraincis: L\u2019Instrument Financier pour l\u2019Environement) uirlis maoini\u00fach\u00e1in an Aontais Eorpaigh don chomhshaol agus do ghn\u00edomh\u00fa ar son na haer\u00e1ide. Is \u00e9 at\u00e1 de chusp\u00f3ir go ginear\u00e1lta le LIFE leas a dh\u00e9anamh maidir le beartas agus reachta\u00edocht AE maidir le c\u00farsa\u00ed timpeallachta agus aer\u00e1ide a chur i bhfeidhm tr\u00ed chomhchist\u00edocht a dh\u00e9anamh ar thionscadail a mb\u00edonn breisluach leo ag an Eoraip.<\/p>\n<\/div>\n<p>Cuireadh t\u00fas le LIFE in 1992 agus bh\u00ed c\u00faig ch\u00e9im den chl\u00e1r ann go dt\u00ed seo. Le linn na tr\u00e9imhse seo, rinne LIFE comhchist\u00edocht ar 4600 tionscadal ar fud AE, ar fi\u00fa thart ar 5.5 billi\u00fan Euro an rann\u00edoca\u00edocht ioml\u00e1n chun an comhshaol agus an aer\u00e1id a chosaint.<\/p>\n","protected":false},"excerpt":{"rendered":"<p>Is \u00e9 at\u00e1 i gCl\u00e1r LIFE (Fraincis: L\u2019Instrument Financier pour l\u2019Environement) uirlis maoini\u00fach\u00e1in an Aontais Eorpaigh don chomhshaol agus do ghn\u00edomh\u00fa ar son na haer\u00e1ide. Is \u00e9 at\u00e1 de chusp\u00f3ir go ginear\u00e1lta le LIFE leas a dh\u00e9anamh maidir le beartas agus reachta\u00edocht AE maidir le c\u00farsa\u00ed timpeallachta agus aer\u00e1ide a chur i bhfeidhm tr\u00ed chomhchist\u00edocht<\/p>\n","protected":false},"author":3,"featured_media":877,"parent":0,"menu_order":0,"comment_status":"closed","ping_status":"closed","template":"","meta":{"_acf_changed":false,"footnotes":""},"class_list":["post-973","page","type-page","status-publish","has-post-thumbnail","hentry"],"acf":[],"_links":{"self":[{"href":"https:\/\/www.watersoflife.ie\/ga\/wp-json\/wp\/v2\/pages\/973","targetHints":{"allow":["GET"]}}],"collection":[{"href":"https:\/\/www.watersoflife.ie\/ga\/wp-json\/wp\/v2\/pages"}],"about":[{"href":"https:\/\/www.watersoflife.ie\/ga\/wp-json\/wp\/v2\/types\/page"}],"author":[{"embeddable":true,"href":"https:\/\/www.watersoflife.ie\/ga\/wp-json\/wp\/v2\/users\/3"}],"replies":[{"embeddable":true,"href":"https:\/\/www.watersoflife.ie\/ga\/wp-json\/wp\/v2\/comments?post=973"}],"version-history":[{"count":5,"href":"https:\/\/www.watersoflife.ie\/ga\/wp-json\/wp\/v2\/pages\/973\/revisions"}],"predecessor-version":[{"id":1064,"href":"https:\/\/www.watersoflife.ie\/ga\/wp-json\/wp\/v2\/pages\/973\/revisions\/1064"}],"wp:featuredmedia":[{"embeddable":true,"href":"https:\/\/www.watersoflife.ie\/ga\/wp-json\/wp\/v2\/media\/877"}],"wp:attachment":[{"href":"https:\/\/www.watersoflife.ie\/ga\/wp-json\/wp\/v2\/media?parent=973"}],"curies":[{"name":"wp","href":"https:\/\/api.w.org\/{rel}","templated":true}]}}