{"id":983,"date":"2022-02-16T10:03:19","date_gmt":"2022-02-16T10:03:19","guid":{"rendered":"https:\/\/www.watersoflife.ie\/?page_id=983"},"modified":"2025-12-30T16:43:37","modified_gmt":"2025-12-30T16:43:37","slug":"uisci-life","status":"publish","type":"page","link":"https:\/\/www.watersoflife.ie\/ga\/","title":{"rendered":"Uisc\u00ed LIFE"},"content":{"rendered":"<div class=\"lead\">Is Tionscadal Comhth\u00e1ite de chuid LIFE AE \u00e9 Uisc\u00ed LIFE, a bhfuil s\u00e9 d\u2019aidhm aige cuidi\u00fa le meath uisc\u00ed na h\u00c9ireann is m\u00f3 gan mhilleadh a chur ina cheart.<\/div>\n","protected":false},"excerpt":{"rendered":"<p>Is Tionscadal Comhth\u00e1ite de chuid LIFE AE \u00e9 Uisc\u00ed LIFE, a bhfuil s\u00e9 d\u2019aidhm aige cuidi\u00fa le meath uisc\u00ed na h\u00c9ireann is m\u00f3 gan mhilleadh a chur ina cheart.<\/p>\n","protected":false},"author":1,"featured_media":843,"parent":0,"menu_order":-10,"comment_status":"closed","ping_status":"open","template":"","meta":{"_acf_changed":false,"footnotes":""},"class_list":["post-983","page","type-page","status-publish","has-post-thumbnail","hentry"],"acf":[],"_links":{"self":[{"href":"https:\/\/www.watersoflife.ie\/ga\/wp-json\/wp\/v2\/pages\/983","targetHints":{"allow":["GET"]}}],"collection":[{"href":"https:\/\/www.watersoflife.ie\/ga\/wp-json\/wp\/v2\/pages"}],"about":[{"href":"https:\/\/www.watersoflife.ie\/ga\/wp-json\/wp\/v2\/types\/page"}],"author":[{"embeddable":true,"href":"https:\/\/www.watersoflife.ie\/ga\/wp-json\/wp\/v2\/users\/1"}],"replies":[{"embeddable":true,"href":"https:\/\/www.watersoflife.ie\/ga\/wp-json\/wp\/v2\/comments?post=983"}],"version-history":[{"count":6,"href":"https:\/\/www.watersoflife.ie\/ga\/wp-json\/wp\/v2\/pages\/983\/revisions"}],"predecessor-version":[{"id":2239,"href":"https:\/\/www.watersoflife.ie\/ga\/wp-json\/wp\/v2\/pages\/983\/revisions\/2239"}],"wp:featuredmedia":[{"embeddable":true,"href":"https:\/\/www.watersoflife.ie\/ga\/wp-json\/wp\/v2\/media\/843"}],"wp:attachment":[{"href":"https:\/\/www.watersoflife.ie\/ga\/wp-json\/wp\/v2\/media?parent=983"}],"curies":[{"name":"wp","href":"https:\/\/api.w.org\/{rel}","templated":true}]}}