{"id":993,"date":"2022-03-11T12:46:18","date_gmt":"2022-03-11T12:46:18","guid":{"rendered":"https:\/\/www.watersoflife.ie\/?page_id=993"},"modified":"2022-05-11T16:49:36","modified_gmt":"2022-05-11T15:49:36","slug":"dobharlaigh-a-bhfuil-cuspoir-ardstadais-acu","status":"publish","type":"page","link":"https:\/\/www.watersoflife.ie\/ga\/dobharlaigh-a-bhfuil-cuspoir-ardstadais-acu\/","title":{"rendered":"Dobharlaigh a bhfuil Cusp\u00f3ir Ardst\u00e1dais acu"},"content":{"rendered":"<div class=\"lead\">\n<p>Is \u00e9ard at\u00e1 i gceist le dobharlaigh a bhfuil cusp\u00f3ir ardst\u00e1dais acu na haibhneacha agus na lochanna a bhfuil an caighde\u00e1n is fearr uisce acu. T\u00e1 c\u00f3na\u00ed ar an-chuid speiceas at\u00e1 \u00edogair don truailli\u00fa sna huisc\u00ed seo agus n\u00ed bheid\u00eds \u00e1balta maireacht\u00e1il in uisc\u00ed a bhfuil caighde\u00e1n n\u00edos \u00edsle acu. T\u00e1 staid fhisiceach n\u00e1d\u00fartha ag uisc\u00ed a bhfuil ardst\u00e1dais acu nach bhfuil athraithe de bharr ghn\u00edomha\u00edochta\u00ed an duine e.g. n\u00edor dh\u00edrigh daoine daonna an cain\u00e9al abhann n\u00f3 n\u00edor th\u00f3g siad strucht\u00fair chrua chun tac\u00fa le bruacha na habhann. T\u00e1 caighde\u00e1n uisce den ch\u00e9ad scoth ag na huisc\u00ed seo gur beag cothaitheach iomarcach agus leaba\u00ed abhann sl\u00e1inti\u00fala at\u00e1 acu n\u00f3 nach bhfuil cothaitheach iomarcach agus leaba\u00ed abhann sl\u00e1inti\u00fala ar bith acu, at\u00e1 saor \u00f3n iomarca sioltach\u00e1in.<\/p>\n<p>&nbsp;<\/p>\n<\/div>\n","protected":false},"excerpt":{"rendered":"<p>Is \u00e9ard at\u00e1 i gceist le dobharlaigh a bhfuil cusp\u00f3ir ardst\u00e1dais acu na haibhneacha agus na lochanna a bhfuil an caighde\u00e1n is fearr uisce acu. T\u00e1 c\u00f3na\u00ed ar an-chuid speiceas at\u00e1 \u00edogair don truailli\u00fa sna huisc\u00ed seo agus n\u00ed bheid\u00eds \u00e1balta maireacht\u00e1il in uisc\u00ed a bhfuil caighde\u00e1n n\u00edos \u00edsle acu. T\u00e1 staid fhisiceach n\u00e1d\u00fartha ag<\/p>\n","protected":false},"author":3,"featured_media":845,"parent":0,"menu_order":0,"comment_status":"closed","ping_status":"closed","template":"","meta":{"_acf_changed":false,"footnotes":""},"class_list":["post-993","page","type-page","status-publish","has-post-thumbnail","hentry"],"acf":[],"_links":{"self":[{"href":"https:\/\/www.watersoflife.ie\/ga\/wp-json\/wp\/v2\/pages\/993","targetHints":{"allow":["GET"]}}],"collection":[{"href":"https:\/\/www.watersoflife.ie\/ga\/wp-json\/wp\/v2\/pages"}],"about":[{"href":"https:\/\/www.watersoflife.ie\/ga\/wp-json\/wp\/v2\/types\/page"}],"author":[{"embeddable":true,"href":"https:\/\/www.watersoflife.ie\/ga\/wp-json\/wp\/v2\/users\/3"}],"replies":[{"embeddable":true,"href":"https:\/\/www.watersoflife.ie\/ga\/wp-json\/wp\/v2\/comments?post=993"}],"version-history":[{"count":2,"href":"https:\/\/www.watersoflife.ie\/ga\/wp-json\/wp\/v2\/pages\/993\/revisions"}],"predecessor-version":[{"id":996,"href":"https:\/\/www.watersoflife.ie\/ga\/wp-json\/wp\/v2\/pages\/993\/revisions\/996"}],"wp:featuredmedia":[{"embeddable":true,"href":"https:\/\/www.watersoflife.ie\/ga\/wp-json\/wp\/v2\/media\/845"}],"wp:attachment":[{"href":"https:\/\/www.watersoflife.ie\/ga\/wp-json\/wp\/v2\/media?parent=993"}],"curies":[{"name":"wp","href":"https:\/\/api.w.org\/{rel}","templated":true}]}}