{"id":998,"date":"2022-03-11T12:42:33","date_gmt":"2022-03-11T12:42:33","guid":{"rendered":"https:\/\/www.watersoflife.ie\/?page_id=998"},"modified":"2022-05-12T11:44:02","modified_gmt":"2022-05-12T10:44:02","slug":"an-chreat-treoir-uisce","status":"publish","type":"page","link":"https:\/\/www.watersoflife.ie\/ga\/an-chreat-treoir-uisce\/","title":{"rendered":"An Chreat-Treoir Uisce"},"content":{"rendered":"<div class=\"lead\">\n<p>Le Creat-Treoir Uisce AE (2000\/60\/CE) \u00e9il\u00edtear ar gach Ballst\u00e1t caighde\u00e1n<br \/>\nan uisce a chosaint agus feabhas a chur air sna huisc\u00ed uile chun gur<br \/>\nf\u00e9idir linn st\u00e1das maith \u00e9iceola\u00edochta a bhaint amach faoi 2015 n\u00f3, ar a<br \/>\ndh\u00e9ana\u00ed, faoi 2027. Tugadh \u00e9ifeacht dhl\u00edthi\u00fail d\u00f3 in \u00c9irinn le Rialach\u00e1in<br \/>\nna gComhphobal Eorpach (an Beartas Uisce) 2003 (I.R. Uimh. 722 de<br \/>\n2003). T\u00e1 feidhm aige i nd\u00e1il le haibhneacha, lochanna, screamhuisce,<br \/>\nagus le huisc\u00ed c\u00f3sta idirthr\u00e9imhseacha.<\/p>\n<\/div>\n<p>\u00c9il\u00edtear leis an Treoir go n-ullmha\u00edtear pleananna bainist\u00edochta ar bhonn abhantra\u00ed agus sonra\u00edtear l\u00e9i<br \/>\nmodh strucht\u00fartha chun na pleananna seo a fhorbairt. D\u00e9antar pleananna bainist\u00edochta abhantra\u00ed, a<br \/>\nnd\u00e9antar athbhreithni\u00fa orthu agus a n-ullmha\u00edtear iad gach s\u00e9 bliana i ndiaidh comhairli\u00fach\u00e1n poibl\u00ed<br \/>\nfairsing, a cheapadh chun timpeallacht an uisce a chosaint agus feabhas a chur uirthi. T\u00e1 an 3\u00fa<br \/>\ntr\u00e9imhse den Phlean Bainist\u00edochta Abhantra\u00ed do 2022-2027 \u00e1 tabhairt chun cr\u00edche faoi l\u00e1thair. Is<br \/>\nf\u00e9idir tuilleadh eolais ar Phlean Bainist\u00edochta Abhantra\u00ed 2022-2027 a fh\u00e1il <a href=\"https:\/\/www.watersoflife.ie\/river-basin-management-plan\/\">anseo<\/a> agus ag an nasc th\u00edos.<\/p>\n","protected":false},"excerpt":{"rendered":"<p>Le Creat-Treoir Uisce AE (2000\/60\/CE) \u00e9il\u00edtear ar gach Ballst\u00e1t caighde\u00e1n an uisce a chosaint agus feabhas a chur air sna huisc\u00ed uile chun gur f\u00e9idir linn st\u00e1das maith \u00e9iceola\u00edochta a bhaint amach faoi 2015 n\u00f3, ar a dh\u00e9ana\u00ed, faoi 2027. Tugadh \u00e9ifeacht dhl\u00edthi\u00fail d\u00f3 in \u00c9irinn le Rialach\u00e1in na gComhphobal Eorpach (an Beartas Uisce) 2003<\/p>\n","protected":false},"author":3,"featured_media":911,"parent":0,"menu_order":0,"comment_status":"closed","ping_status":"closed","template":"","meta":{"_acf_changed":false,"footnotes":""},"class_list":["post-998","page","type-page","status-publish","has-post-thumbnail","hentry"],"acf":[],"_links":{"self":[{"href":"https:\/\/www.watersoflife.ie\/ga\/wp-json\/wp\/v2\/pages\/998","targetHints":{"allow":["GET"]}}],"collection":[{"href":"https:\/\/www.watersoflife.ie\/ga\/wp-json\/wp\/v2\/pages"}],"about":[{"href":"https:\/\/www.watersoflife.ie\/ga\/wp-json\/wp\/v2\/types\/page"}],"author":[{"embeddable":true,"href":"https:\/\/www.watersoflife.ie\/ga\/wp-json\/wp\/v2\/users\/3"}],"replies":[{"embeddable":true,"href":"https:\/\/www.watersoflife.ie\/ga\/wp-json\/wp\/v2\/comments?post=998"}],"version-history":[{"count":4,"href":"https:\/\/www.watersoflife.ie\/ga\/wp-json\/wp\/v2\/pages\/998\/revisions"}],"predecessor-version":[{"id":1041,"href":"https:\/\/www.watersoflife.ie\/ga\/wp-json\/wp\/v2\/pages\/998\/revisions\/1041"}],"wp:featuredmedia":[{"embeddable":true,"href":"https:\/\/www.watersoflife.ie\/ga\/wp-json\/wp\/v2\/media\/911"}],"wp:attachment":[{"href":"https:\/\/www.watersoflife.ie\/ga\/wp-json\/wp\/v2\/media?parent=998"}],"curies":[{"name":"wp","href":"https:\/\/api.w.org\/{rel}","templated":true}]}}